{"id":243,"date":"2025-11-06T19:33:48","date_gmt":"2025-11-06T19:33:48","guid":{"rendered":"https:\/\/otis.stronazen.pl\/?page_id=243"},"modified":"2025-11-26T15:52:45","modified_gmt":"2025-11-26T15:52:45","slug":"case-studies","status":"publish","type":"page","link":"https:\/\/otis.stronazen.pl\/index.php\/case-studies\/","title":{"rendered":"Case Studies"},"content":{"rendered":"<section class=\"bde-section-243-100 bde-section\">\n  \n  \n\t\n\n\n\n<div class=\"section-container\"><h1 class=\"bde-heading-243-102 bde-heading\">\nCase studies\n<\/h1><div class=\"oxy-container-243-103 oxy-container\"><div class=\"bde-post-loop-243-104 bde-post-loop post-loop-builder-1 oxy-post-loop\">\n<div class=\"bde-loop bde-loop-grid ee-posts ee-posts-grid\">    <article class=\"bde-loop-item ee-post\">\n        <a class=\"oxy-container-link-457-105-450-457-1 oxy-container-link oxy-container-link-457-105\" href=\"https:\/\/otis.stronazen.pl\/index.php\/2025\/11\/25\/wpis-2\/\" target=\"_self\"><div class=\"oxy-container-457-100-450-457-1 oxy-container container-30 oxy-container-457-100\"><div class=\"oxy-container-457-101-450-457-1 oxy-container container-31 oxy-container-457-101\"><div class=\"oxy-container-457-106-450-457-1 oxy-container container-32 oxy-container-457-106\"><div class=\"oxy-text-457-107-450-457-1 oxy-text oxy-text-457-107\">\n26 listopada, 2025\n<\/div><\/div><img decoding=\"async\" class=\"oxy-image-457-104-450-457-1 oxy-image oxy-image-457-104\" src=\"data:image\/svg+xml;charset=UTF-8,%3csvg xmlns=&#039;http:\/\/www.w3.org\/2000\/svg&#039; width=&#039;540&#039; height=&#039;540&#039; viewBox=&#039;0 0 140 140&#039;%3e%3cpath d=&#039;M0 0h140v140H0z&#039; fill=&#039;%23e5e7eb&#039;\/%3e%3cpath d=&#039;M88 82.46H51.8v-4.52l6.74-6.74a1.13 1.13 0 011.6 0l5.23 5.23 12.76-12.77a1.13 1.13 0 011.6 0L88 71.91z&#039; fill=&#039;%23e5e7eb&#039;\/%3e%3cpath d=&#039;M89.48 52.32H50.29a4.52 4.52 0 00-4.52 4.52V84a4.53 4.53 0 004.52 4.52h39.19A4.52 4.52 0 0094 84V56.84a4.52 4.52 0 00-4.52-4.52zm-33.16 5.27a5.28 5.28 0 11-5.27 5.28 5.27 5.27 0 015.27-5.28zM88 82.46H51.8v-4.52l6.74-6.74a1.13 1.13 0 011.6 0l5.23 5.23 12.76-12.77a1.13 1.13 0 011.6 0L88 71.91z&#039; fill=&#039;%23d1d5db&#039;\/%3e%3c\/svg%3e\" loading=\"lazy\" srcset=\"https:\/\/otis.stronazen.pl\/wp-content\/uploads\/2025\/11\/image6.jpg 640w, https:\/\/otis.stronazen.pl\/wp-content\/uploads\/2025\/11\/image6-300x169.jpg 300w\" sizes=\"(max-width: 640px) 100vw, 640px\"><\/div><h3 class=\"bde-heading-457-102-450-457-1 bde-heading bde-heading-457-102\">\nSzpital Specjalistyczny w Polsce numer 2\n<\/h3><div class=\"oxy-text-457-103-450-457-1 oxy-text text-7 oxy-text-457-103\">\n<p>Zajawaka dla wpisu numer 2.<br \/>\nLorem ipsum dolor sit amet, consectetur adipiscing elit, sed do eiusmod tempor incididunt ut labore et dolore magna aliqua. Ut enim ad minim veniam, quis nostrud exercitation<\/p>\n\n<\/div><\/div><\/a>    <\/article>\n    <article class=\"bde-loop-item ee-post\">\n        <a class=\"oxy-container-link-457-105-441-457-1 oxy-container-link oxy-container-link-457-105\" href=\"https:\/\/otis.stronazen.pl\/index.php\/2025\/11\/25\/wojewodzki-szpital-specjalistyczny-w-olsztynie\/\" target=\"_self\"><div class=\"oxy-container-457-100-441-457-1 oxy-container container-30 oxy-container-457-100\"><div class=\"oxy-container-457-101-441-457-1 oxy-container container-31 oxy-container-457-101\"><div class=\"oxy-container-457-106-441-457-1 oxy-container container-32 oxy-container-457-106\"><div class=\"oxy-text-457-107-441-457-1 oxy-text oxy-text-457-107\">\n26 listopada, 2025\n<\/div><\/div><img decoding=\"async\" class=\"oxy-image-457-104-441-457-1 oxy-image oxy-image-457-104\" src=\"data:image\/svg+xml;charset=UTF-8,%3csvg xmlns=&#039;http:\/\/www.w3.org\/2000\/svg&#039; width=&#039;540&#039; height=&#039;540&#039; viewBox=&#039;0 0 140 140&#039;%3e%3cpath d=&#039;M0 0h140v140H0z&#039; fill=&#039;%23e5e7eb&#039;\/%3e%3cpath d=&#039;M88 82.46H51.8v-4.52l6.74-6.74a1.13 1.13 0 011.6 0l5.23 5.23 12.76-12.77a1.13 1.13 0 011.6 0L88 71.91z&#039; fill=&#039;%23e5e7eb&#039;\/%3e%3cpath d=&#039;M89.48 52.32H50.29a4.52 4.52 0 00-4.52 4.52V84a4.53 4.53 0 004.52 4.52h39.19A4.52 4.52 0 0094 84V56.84a4.52 4.52 0 00-4.52-4.52zm-33.16 5.27a5.28 5.28 0 11-5.27 5.28 5.27 5.27 0 015.27-5.28zM88 82.46H51.8v-4.52l6.74-6.74a1.13 1.13 0 011.6 0l5.23 5.23 12.76-12.77a1.13 1.13 0 011.6 0L88 71.91z&#039; fill=&#039;%23d1d5db&#039;\/%3e%3c\/svg%3e\" loading=\"lazy\" srcset=\"https:\/\/otis.stronazen.pl\/wp-content\/uploads\/2025\/11\/image1.jpg 640w, https:\/\/otis.stronazen.pl\/wp-content\/uploads\/2025\/11\/image1-300x169.jpg 300w\" sizes=\"(max-width: 640px) 100vw, 640px\"><\/div><h3 class=\"bde-heading-457-102-441-457-1 bde-heading bde-heading-457-102\">\nWojew\u00f3dzki Szpital Specjalistyczny w Olsztynie\n<\/h3><div class=\"oxy-text-457-103-441-457-1 oxy-text text-7 oxy-text-457-103\">\n<p>Wojew\u00f3dzki Szpital Specjalistyczny w Olsztynie Case studies: Automatyzacja tworzenia harmonogram\u00f3w sal i zabieg\u00f3wDla: Szpital Wojew\u00f3dzki w Olsztynie Streszczenie wykonawczeKr\u00f3tko: przej\u015bcie z papierowych<\/p>\n\n<\/div><\/div><\/a>    <\/article>\n    <article class=\"bde-loop-item ee-post\">\n        <a class=\"oxy-container-link-457-105-453-457-1 oxy-container-link oxy-container-link-457-105\" href=\"https:\/\/otis.stronazen.pl\/index.php\/2025\/11\/23\/wpis-3\/\" target=\"_self\"><div class=\"oxy-container-457-100-453-457-1 oxy-container container-30 oxy-container-457-100\"><div class=\"oxy-container-457-101-453-457-1 oxy-container container-31 oxy-container-457-101\"><div class=\"oxy-container-457-106-453-457-1 oxy-container container-32 oxy-container-457-106\"><div class=\"oxy-text-457-107-453-457-1 oxy-text oxy-text-457-107\">\n26 listopada, 2025\n<\/div><\/div><img decoding=\"async\" class=\"oxy-image-457-104-453-457-1 oxy-image oxy-image-457-104\" src=\"https:\/\/otis.stronazen.pl\/wp-content\/uploads\/2025\/10\/partnerzy_otis-768x430.jpg\" loading=\"lazy\" srcset=\"https:\/\/otis.stronazen.pl\/wp-content\/uploads\/2025\/10\/partnerzy_otis.jpg 1900w, https:\/\/otis.stronazen.pl\/wp-content\/uploads\/2025\/10\/partnerzy_otis-300x168.jpg 300w, https:\/\/otis.stronazen.pl\/wp-content\/uploads\/2025\/10\/partnerzy_otis-1024x574.jpg 1024w, https:\/\/otis.stronazen.pl\/wp-content\/uploads\/2025\/10\/partnerzy_otis-768x430.jpg 768w, https:\/\/otis.stronazen.pl\/wp-content\/uploads\/2025\/10\/partnerzy_otis-1536x861.jpg 1536w\" sizes=\"(max-width: 1900px) 100vw, 1900px\"><\/div><h3 class=\"bde-heading-457-102-453-457-1 bde-heading bde-heading-457-102\">\nSzpital Specjalistyczny w Polsce numer 3\n<\/h3><div class=\"oxy-text-457-103-453-457-1 oxy-text text-7 oxy-text-457-103\">\n<p>Zajawka numer trzy.<br \/>\nLorem ipsum dolor sit amet, consectetur adipiscing elit, sed do eiusmod tempor incididunt ut labore et dolore magna aliqua. Ut enim ad minim veniam, quis nostrud exercitation<\/p>\n\n<\/div><\/div><\/a>    <\/article>\n<\/div>\n\n<\/div><\/div><\/div>\n<\/section>","protected":false},"excerpt":{"rendered":"<p>Case studies 26 listopada, 2025 Szpital Specjalistyczny w Polsce numer 2 Zajawaka dla wpisu numer 2. Lorem ipsum dolor sit amet, consectetur adipiscing elit, sed do eiusmod tempor incididunt ut labore et dolore magna aliqua. Ut enim ad minim veniam, quis nostrud exercitation 26 listopada, 2025 Wojew\u00f3dzki Szpital Specjalistyczny w Olsztynie Wojew\u00f3dzki Szpital Specjalistyczny w [&hellip;]<\/p>\n","protected":false},"author":1,"featured_media":0,"parent":0,"menu_order":0,"comment_status":"closed","ping_status":"closed","template":"","meta":{"_oxygen_hide_in_design_set":false,"_oxygen_tags":"","footnotes":""},"class_list":["post-243","page","type-page","status-publish","hentry"],"_links":{"self":[{"href":"https:\/\/otis.stronazen.pl\/index.php\/wp-json\/wp\/v2\/pages\/243","targetHints":{"allow":["GET"]}}],"collection":[{"href":"https:\/\/otis.stronazen.pl\/index.php\/wp-json\/wp\/v2\/pages"}],"about":[{"href":"https:\/\/otis.stronazen.pl\/index.php\/wp-json\/wp\/v2\/types\/page"}],"author":[{"embeddable":true,"href":"https:\/\/otis.stronazen.pl\/index.php\/wp-json\/wp\/v2\/users\/1"}],"replies":[{"embeddable":true,"href":"https:\/\/otis.stronazen.pl\/index.php\/wp-json\/wp\/v2\/comments?post=243"}],"version-history":[{"count":13,"href":"https:\/\/otis.stronazen.pl\/index.php\/wp-json\/wp\/v2\/pages\/243\/revisions"}],"predecessor-version":[{"id":522,"href":"https:\/\/otis.stronazen.pl\/index.php\/wp-json\/wp\/v2\/pages\/243\/revisions\/522"}],"wp:attachment":[{"href":"https:\/\/otis.stronazen.pl\/index.php\/wp-json\/wp\/v2\/media?parent=243"}],"curies":[{"name":"wp","href":"https:\/\/api.w.org\/{rel}","templated":true}]}}